{"id":105,"date":"2018-01-19T15:17:56","date_gmt":"2018-01-19T14:17:56","guid":{"rendered":"https:\/\/www.thevinyl.se\/?page_id=105"},"modified":"2024-07-04T14:57:24","modified_gmt":"2024-07-04T12:57:24","slug":"start","status":"publish","type":"page","link":"https:\/\/www.thevinyl.se\/fi\/","title":{"rendered":"Start"},"content":{"rendered":"<h1>PVC:t\u00e4 kaikkiin sovelluksiin<\/h1>\n<p>R\u00e4\u00e4t\u00e4l\u00f6imme PVC-kompoundeja asiakkaidemme tarpeiden ja toiveiden mukaan!<\/p>\n","protected":false},"excerpt":{"rendered":"<p>PVC:t\u00e4 kaikkiin sovelluksiin R\u00e4\u00e4t\u00e4l\u00f6imme PVC-kompoundeja asiakkaidemme tarpeiden ja toiveiden mukaan!<\/p>\n","protected":false},"author":1,"featured_media":0,"parent":0,"menu_order":0,"comment_status":"open","ping_status":"closed","template":"startsida.php","meta":{"_acf_changed":false,"footnotes":""},"class_list":["post-105","page","type-page","status-publish","hentry"],"acf":[],"_links":{"self":[{"href":"https:\/\/www.thevinyl.se\/fi\/wp-json\/wp\/v2\/pages\/105","targetHints":{"allow":["GET"]}}],"collection":[{"href":"https:\/\/www.thevinyl.se\/fi\/wp-json\/wp\/v2\/pages"}],"about":[{"href":"https:\/\/www.thevinyl.se\/fi\/wp-json\/wp\/v2\/types\/page"}],"author":[{"embeddable":true,"href":"https:\/\/www.thevinyl.se\/fi\/wp-json\/wp\/v2\/users\/1"}],"replies":[{"embeddable":true,"href":"https:\/\/www.thevinyl.se\/fi\/wp-json\/wp\/v2\/comments?post=105"}],"version-history":[{"count":3,"href":"https:\/\/www.thevinyl.se\/fi\/wp-json\/wp\/v2\/pages\/105\/revisions"}],"predecessor-version":[{"id":381,"href":"https:\/\/www.thevinyl.se\/fi\/wp-json\/wp\/v2\/pages\/105\/revisions\/381"}],"wp:attachment":[{"href":"https:\/\/www.thevinyl.se\/fi\/wp-json\/wp\/v2\/media?parent=105"}],"curies":[{"name":"wp","href":"https:\/\/api.w.org\/{rel}","templated":true}]}}