{"id":117,"date":"2018-01-19T15:28:02","date_gmt":"2018-01-19T14:28:02","guid":{"rendered":"https:\/\/www.thevinyl.se\/?page_id=117"},"modified":"2024-10-22T13:39:41","modified_gmt":"2024-10-22T11:39:41","slug":"thevinylsta","status":"publish","type":"page","link":"https:\/\/www.thevinyl.se\/fi\/thevinylsta\/","title":{"rendered":"Thevinylst\u00e4"},"content":{"rendered":"<p>Thevinyl on yksi Pohjoismaiden johtavista PVC-kompoundien valmistajista. Meill\u00e4 on kattava standardivalikoima kompoundeja kaikkiin mahdollisiin sovelluksiin.<\/p>\n<p>Thevinyl on yksityisomistuksessa, se perustettiin vuonna 1971 ja on nyky\u00e4\u00e4n t\u00e4ysin Jens Priessin omistama. Myyntiedustajamme Tanskassa ja Suomessa mahdollistavat henkil\u00f6kohtaisen palvelun ja konsultoinnin, jotta asiakkaillemme l\u00f6ytyy oikeat tuotteet. Thevinylin vahvuus on tuotteiden r\u00e4\u00e4t\u00e4l\u00f6inti asiakkaan tarpeiden mukaan. Laatu, joustavuus ja ketteryys ovat avainsanojamme. Olemme pieni organisaatio, jossa kommunikaatio on mutkatonta ja luotettavaa. Vuonna 1998 perustettiin oma tehdas Puolaan, Alfa PVC. T\u00e4m\u00e4 tuotantolaitos oli aluksi p\u00e4\u00e4osin Thevinylin omistuksessa. Vuoden 2018 lopussa Puolassa sijaitseva laitos myytiin Benvicille.<\/p>\n<h2>Lupauksemme<\/h2>\n<p>Seuraamme tarkasti alan kehityst\u00e4 ja voimme aina tarjota parhaat mahdolliset tekniset ratkaisut. Meill\u00e4 on kokonaisvaltainen ymm\u00e4rrys PVC-kompoundien valmistuksesta ja myynnist\u00e4. Teemme kaikkemme toimittaaksemme oikeaan aikaan oikean m\u00e4\u00e4r\u00e4n kompoundeja, joiden laatu on korkein mahdollinen.<\/p>\n<h2>Perustietoja<\/h2>\n<p>Thevinyylin liikevaihto on noin 160 miljoonaa Ruotsin kruunua ja henkil\u00f6st\u00f6m\u00e4\u00e4r\u00e4 17 henkil\u00f6\u00e4. Vuosituotantomme on noin 8000 tonnia PVC-kompoundeja Ruotsin, Suomen, Tanskan ja Englannin markkinoille.<\/p>\n","protected":false},"excerpt":{"rendered":"<p>Thevinyl on yksi Pohjoismaiden johtavista PVC-kompoundien valmistajista. Meill\u00e4 on kattava standardivalikoima kompoundeja kaikkiin mahdollisiin sovelluksiin. Thevinyl on yksityisomistuksessa, se perustettiin vuonna 1971 ja on nyky\u00e4\u00e4n t\u00e4ysin Jens Priessin omistama. Myyntiedustajamme Tanskassa ja Suomessa mahdollistavat henkil\u00f6kohtaisen palvelun ja konsultoinnin, jotta asiakkaillemme l\u00f6ytyy oikeat tuotteet. Thevinylin vahvuus on tuotteiden r\u00e4\u00e4t\u00e4l\u00f6inti asiakkaan tarpeiden mukaan. Laatu, joustavuus ja ketteryys [&hellip;]<\/p>\n","protected":false},"author":1,"featured_media":0,"parent":0,"menu_order":10,"comment_status":"closed","ping_status":"closed","template":"","meta":{"_acf_changed":false,"footnotes":""},"class_list":["post-117","page","type-page","status-publish","hentry"],"acf":[],"_links":{"self":[{"href":"https:\/\/www.thevinyl.se\/fi\/wp-json\/wp\/v2\/pages\/117","targetHints":{"allow":["GET"]}}],"collection":[{"href":"https:\/\/www.thevinyl.se\/fi\/wp-json\/wp\/v2\/pages"}],"about":[{"href":"https:\/\/www.thevinyl.se\/fi\/wp-json\/wp\/v2\/types\/page"}],"author":[{"embeddable":true,"href":"https:\/\/www.thevinyl.se\/fi\/wp-json\/wp\/v2\/users\/1"}],"replies":[{"embeddable":true,"href":"https:\/\/www.thevinyl.se\/fi\/wp-json\/wp\/v2\/comments?post=117"}],"version-history":[{"count":13,"href":"https:\/\/www.thevinyl.se\/fi\/wp-json\/wp\/v2\/pages\/117\/revisions"}],"predecessor-version":[{"id":467,"href":"https:\/\/www.thevinyl.se\/fi\/wp-json\/wp\/v2\/pages\/117\/revisions\/467"}],"wp:attachment":[{"href":"https:\/\/www.thevinyl.se\/fi\/wp-json\/wp\/v2\/media?parent=117"}],"curies":[{"name":"wp","href":"https:\/\/api.w.org\/{rel}","templated":true}]}}