{"id":315,"date":"2023-06-27T15:09:44","date_gmt":"2023-06-27T13:09:44","guid":{"rendered":"https:\/\/www.thevinyl.se\/hallbarhet\/"},"modified":"2026-02-27T15:40:47","modified_gmt":"2026-02-27T14:40:47","slug":"kestavyys","status":"publish","type":"page","link":"https:\/\/www.thevinyl.se\/fi\/kestavyys\/","title":{"rendered":"Kest\u00e4v\u00e4 kehitys, laatu ja ymp\u00e4rist\u00f6"},"content":{"rendered":"<p>Visiomme on olla alamme edell\u00e4k\u00e4vij\u00e4. Autamme asiakkaitamme kehitt\u00e4m\u00e4\u00e4n tulevaisuuden kest\u00e4vi\u00e4 tuotteita uraauurtavilla materiaaliratkaisuilla.<\/p>\n<p>Verifioimalla vastuullisuusty\u00f6mme osoitamme, ett\u00e4 kest\u00e4v\u00e4 kehitys on olennainen osa liiketoimintaamme.<\/p>\n<p>Verifioinnin on suorittanut VERIFY Agency of Sweden (akkreditoitu kolmas osapuoli).<\/p>\n<h2>Asiakirjat<\/h2>\n<p><a href=\"https:\/\/www.thevinyl.se\/wp-content\/uploads\/Thevinyl-Ledningssystem-Hallbarhetspolicy-2026-02-25.pdf\" target=\"_blank\" rel=\"noopener\">Ha\u030allbarhetspolicy 2026-02-25<\/a> (.pdf, in Swedish)<br \/>\n<a href=\"https:\/\/www.thevinyl.se\/wp-content\/uploads\/Thevinyl-Ledningssystem-Kvalitetspolicy-2026-02-25.pdf\" target=\"_blank\" rel=\"noopener\">Kvalitetspolicy 2026-02-25<\/a> (.pdf, in Swedish)<br \/>\n<a href=\"https:\/\/www.thevinyl.se\/wp-content\/uploads\/Thevinyl-Ledningssystem-Miljopolicy-2026-02-25.pdf\" target=\"_blank\" rel=\"noopener\">Miljo\u0308policy 2026-02-25<\/a> (.pdf, in Swedish)<\/p>\n<p><a href=\"https:\/\/www.thevinyl.se\/wp-content\/uploads\/Beslut_utlatande_Thevinyl_2025-06-13_ver_4.pdf\" target=\"_blank\" rel=\"noopener\">Beslut utl\u00e5tande Thevinyl<\/a> (.pdf)<br \/>\n<a href=\"https:\/\/www.thevinyl.se\/wp-content\/uploads\/Hallbarhetsdeklaration_Thevinyl_2025.pdf\" target=\"_blank\" rel=\"noopener\">H\u00e5llbarhetsdeklaration Thevinyl 2025<\/a> (.pdf)<br \/>\n<a href=\"https:\/\/www.thevinyl.se\/wp-content\/uploads\/ISO_9001-SWE-C649397-1-20240531.pdf\" target=\"_blank\" rel=\"noopener\">ISO 9001<\/a> (.pdf)<br \/>\n<a href=\"https:\/\/www.thevinyl.se\/wp-content\/uploads\/ISO_14001-SWE-C649398-1-20240531.pdf\" target=\"_blank\" rel=\"noopener\">ISO 14001<\/a> (.pdf)<\/p>\n","protected":false},"excerpt":{"rendered":"<p>Visiomme on olla alamme edell\u00e4k\u00e4vij\u00e4. Autamme asiakkaitamme kehitt\u00e4m\u00e4\u00e4n tulevaisuuden kest\u00e4vi\u00e4 tuotteita uraauurtavilla materiaaliratkaisuilla. Verifioimalla vastuullisuusty\u00f6mme osoitamme, ett\u00e4 kest\u00e4v\u00e4 kehitys on olennainen osa liiketoimintaamme. Verifioinnin on suorittanut VERIFY Agency of Sweden (akkreditoitu kolmas osapuoli). Asiakirjat Ha\u030allbarhetspolicy 2026-02-25 (.pdf, in Swedish) Kvalitetspolicy 2026-02-25 (.pdf, in Swedish) Miljo\u0308policy 2026-02-25 (.pdf, in Swedish) Beslut utl\u00e5tande Thevinyl (.pdf) H\u00e5llbarhetsdeklaration Thevinyl [&hellip;]<\/p>\n","protected":false},"author":1,"featured_media":0,"parent":0,"menu_order":40,"comment_status":"closed","ping_status":"closed","template":"","meta":{"_acf_changed":false,"footnotes":""},"class_list":["post-315","page","type-page","status-publish","hentry"],"acf":[],"_links":{"self":[{"href":"https:\/\/www.thevinyl.se\/fi\/wp-json\/wp\/v2\/pages\/315","targetHints":{"allow":["GET"]}}],"collection":[{"href":"https:\/\/www.thevinyl.se\/fi\/wp-json\/wp\/v2\/pages"}],"about":[{"href":"https:\/\/www.thevinyl.se\/fi\/wp-json\/wp\/v2\/types\/page"}],"author":[{"embeddable":true,"href":"https:\/\/www.thevinyl.se\/fi\/wp-json\/wp\/v2\/users\/1"}],"replies":[{"embeddable":true,"href":"https:\/\/www.thevinyl.se\/fi\/wp-json\/wp\/v2\/comments?post=315"}],"version-history":[{"count":9,"href":"https:\/\/www.thevinyl.se\/fi\/wp-json\/wp\/v2\/pages\/315\/revisions"}],"predecessor-version":[{"id":498,"href":"https:\/\/www.thevinyl.se\/fi\/wp-json\/wp\/v2\/pages\/315\/revisions\/498"}],"wp:attachment":[{"href":"https:\/\/www.thevinyl.se\/fi\/wp-json\/wp\/v2\/media?parent=315"}],"curies":[{"name":"wp","href":"https:\/\/api.w.org\/{rel}","templated":true}]}}